{"id":100,"date":"2015-04-12T22:31:45","date_gmt":"2015-04-12T20:31:45","guid":{"rendered":"http:\/\/www.forlane.org\/a\/?page_id=100"},"modified":"2026-03-29T17:25:34","modified_gmt":"2026-03-29T15:25:34","slug":"diffusion","status":"publish","type":"page","link":"https:\/\/www.forlane.org\/a\/?page_id=100","title":{"rendered":"Diffusion"},"content":{"rendered":"<p><img loading=\"lazy\" class=\"alignnone size-medium wp-image-489\" src=\"https:\/\/www.forlane.org\/a\/wp-content\/uploads\/2017\/09\/AFFICHE-FOCUS-CONCERT-2026-Modif-Luc-VERSION-POUR-INTERNET-V3-scaled-214x300.jpg\" alt=\"\" width=\"214\" height=\"300\" srcset=\"https:\/\/www.forlane.org\/a\/wp-content\/uploads\/2017\/09\/AFFICHE-FOCUS-CONCERT-2026-Modif-Luc-VERSION-POUR-INTERNET-V3-scaled-214x300.jpg 214w, https:\/\/www.forlane.org\/a\/wp-content\/uploads\/2017\/09\/AFFICHE-FOCUS-CONCERT-2026-Modif-Luc-VERSION-POUR-INTERNET-V3-scaled-427x600.jpg 427w, https:\/\/www.forlane.org\/a\/wp-content\/uploads\/2017\/09\/AFFICHE-FOCUS-CONCERT-2026-Modif-Luc-VERSION-POUR-INTERNET-V3-768x1079.jpg 768w, https:\/\/www.forlane.org\/a\/wp-content\/uploads\/2017\/09\/AFFICHE-FOCUS-CONCERT-2026-Modif-Luc-VERSION-POUR-INTERNET-V3-1094x1536.jpg 1094w, https:\/\/www.forlane.org\/a\/wp-content\/uploads\/2017\/09\/AFFICHE-FOCUS-CONCERT-2026-Modif-Luc-VERSION-POUR-INTERNET-V3-1458x2048.jpg 1458w, https:\/\/www.forlane.org\/a\/wp-content\/uploads\/2017\/09\/AFFICHE-FOCUS-CONCERT-2026-Modif-Luc-VERSION-POUR-INTERNET-V3-scaled.jpg 1823w\" sizes=\"(max-width: 214px) 100vw, 214px\" \/><\/p>\n<p>Les Amusemens Lyriques cherchent \u00e0 pr\u00e9senter leurs programmes en Bourgogne.<\/p>\n<p>Ils se produiront<\/p>\n<ul>\n<li>le 10 mai\u00a0 2026 \u00e0 Salmaise : Concert et bal\u00a0 Flowers of Edinburgh\u00a0 Ecosse Irlande<\/li>\n<li>stage de danse\u00a0 Ecosse Irlande\u00a0 \u00a0 le matin.<\/li>\n<\/ul>\n<p><a href=\"https:\/\/www.helloasso.com\/associations\/les-amusemens-lyriques\/evenements\/stage-concert-et-bal-avec-les-amusemens-lyriques\">https:\/\/www.helloasso.com\/associations\/les-amusemens-lyriques\/evenements\/stage-concert-et-bal-avec-les-amusemens-lyriques<\/a><\/p>\n<p>Les Amusemens Lyriques ont jou\u00e9 :<\/p>\n<ul>\n<li>le lundi 9 juin 2025\u00a0 \u00e0 16h, salle Devosge \u00e0 Dijon : Concert et bal\u00a0 \u00a0Flowers of Edinburgh<\/li>\n<\/ul>\n<ul>\n<li>\u00e0 l&rsquo;\u00e9glise de Gevrey-Chambertin<\/li>\n<li>\u00e0 l&rsquo;\u00e9glise de Saint-Sauveur en C\u00f4te d&rsquo;or<\/li>\n<li>\u00e0 l&rsquo;\u00e9glise de Pr\u00e9cy-sous-Thil<\/li>\n<li>\u00e0 l&rsquo;\u00e9glise de Boux-sous-Salmaise<\/li>\n<li>\u00e0 l&rsquo;\u00e9glise Sainte Chantal de Dijon.<\/li>\n<li>\u00e0 Dijon : au mus\u00e9e Magnin, au lyc\u00e9e Carnot, \u00e0 l&rsquo;h\u00f4tel Maleteste, au th\u00e9\u00e2tre de Fontaine d&rsquo;Ouche, au temple de l&rsquo;ERF, dans les \u00e9glises St Pierre, Ste Chantal et St Joseph, au cellier de Clairvaux,<\/li>\n<li>\u00e0 Oisilly,\u00a0\u00e0 Talant,\u00a0\u00e0 Rouvres,\u00a0au Vieux Migennes,\u00a0\u00e0 Reulle-Vergy, \u00e0 Marsannay<\/li>\n<li>au ch\u00e2teau de Bussy-Rabutin<\/li>\n<li>\u00e0 la Crois\u00e9e des Sarmates et \u00e0 l&rsquo;\u00e9glise de Salmaise<\/li>\n<li>au th\u00e9\u00e2tre de Semur-en-Auxois<\/li>\n<\/ul>\n<p>Merci\u00a0\u00e0 tous ceux qui nous ont accueillis et aid\u00e9s d&rsquo;une fa\u00e7on ou d&rsquo;une autre.<\/p>\n<p>Merci \u00e9galement<\/p>\n<ul>\n<li>\u00e0 la Ville de Dijon et au Conseil D\u00e9partemental de la C\u00f4te d&rsquo;Or qui soutiennent les Amusemens lyriques depuis 2006,<\/li>\n<li>au CRR de Dijon, au LAB, au Mus\u00e9e Magnin,<\/li>\n<li>\u00e0 l&rsquo;\u00e9cole de musique de Semur-en-Auxois,<\/li>\n<li>\u00e0 la R\u00e9union des Mus\u00e9es Nationaux, \u00e0 la ville d&rsquo;Oisilly, \u00e0 la ville de Migennes, \u00e0 la ville de Marsannay,<\/li>\n<li>aux Amis de Salmaise,<\/li>\n<li>aux Amis du 7,<\/li>\n<li>\u00e0 l&rsquo;association Arteggio.<\/li>\n<li>\u00e0 l&rsquo;association le Valon.<\/li>\n<li>aux amis des orgues de Gevrey-Chambertin et Nuits-saint-Georges.<\/li>\n<li>au festival Arts-et-sc\u00e8ne<\/li>\n<\/ul>\n<p>Pour nous contacter :<\/p>\n<ul>\n<li>Anne Jacquin<br \/>\nt\u00e9l : 06 10 21 45 57<\/li>\n<li>mail : <a href=\"mailto:amusemens.lyriques@gmail.com\" target=\"_blank\" rel=\"noopener noreferrer\">amusemens.lyriques@gmail.com<\/a><\/li>\n<\/ul>\n","protected":false},"excerpt":{"rendered":"<p>Les Amusemens Lyriques cherchent \u00e0 pr\u00e9senter leurs programmes en Bourgogne. Ils se produiront le 10 mai\u00a0 2026 \u00e0 Salmaise : Concert et bal\u00a0 Flowers of Edinburgh\u00a0 Ecosse Irlande stage de danse\u00a0 Ecosse Irlande\u00a0 \u00a0 le matin. https:\/\/www.helloasso.com\/associations\/les-amusemens-lyriques\/evenements\/stage-concert-et-bal-avec-les-amusemens-lyriques Les Amusemens Lyriques ont jou\u00e9 : le lundi 9 juin 2025\u00a0 \u00e0 16h, salle Devosge \u00e0 Dijon : &hellip; <a href=\"https:\/\/www.forlane.org\/a\/?page_id=100\" class=\"more-link\">Continuer la lecture de <span class=\"screen-reader-text\">Diffusion<\/span> <span class=\"meta-nav\">&rarr;<\/span><\/a><\/p>\n","protected":false},"author":2,"featured_media":401,"parent":0,"menu_order":2,"comment_status":"closed","ping_status":"open","template":"","meta":[],"_links":{"self":[{"href":"https:\/\/www.forlane.org\/a\/index.php?rest_route=\/wp\/v2\/pages\/100"}],"collection":[{"href":"https:\/\/www.forlane.org\/a\/index.php?rest_route=\/wp\/v2\/pages"}],"about":[{"href":"https:\/\/www.forlane.org\/a\/index.php?rest_route=\/wp\/v2\/types\/page"}],"author":[{"embeddable":true,"href":"https:\/\/www.forlane.org\/a\/index.php?rest_route=\/wp\/v2\/users\/2"}],"replies":[{"embeddable":true,"href":"https:\/\/www.forlane.org\/a\/index.php?rest_route=%2Fwp%2Fv2%2Fcomments&post=100"}],"version-history":[{"count":29,"href":"https:\/\/www.forlane.org\/a\/index.php?rest_route=\/wp\/v2\/pages\/100\/revisions"}],"predecessor-version":[{"id":498,"href":"https:\/\/www.forlane.org\/a\/index.php?rest_route=\/wp\/v2\/pages\/100\/revisions\/498"}],"wp:featuredmedia":[{"embeddable":true,"href":"https:\/\/www.forlane.org\/a\/index.php?rest_route=\/wp\/v2\/media\/401"}],"wp:attachment":[{"href":"https:\/\/www.forlane.org\/a\/index.php?rest_route=%2Fwp%2Fv2%2Fmedia&parent=100"}],"curies":[{"name":"wp","href":"https:\/\/api.w.org\/{rel}","templated":true}]}}