{"id":102,"date":"2015-04-12T22:43:54","date_gmt":"2015-04-12T20:43:54","guid":{"rendered":"http:\/\/www.forlane.org\/a\/?page_id=102"},"modified":"2026-03-06T17:23:57","modified_gmt":"2026-03-06T16:23:57","slug":"les-musiciens","status":"publish","type":"page","link":"https:\/\/www.forlane.org\/a\/?page_id=102","title":{"rendered":"Les musiciens"},"content":{"rendered":"<div id=\"contentleft\">\n<div id=\"wikitext\"><span style=\"color: #008000;\">Les Amusemens Lyriques est un ensemble musical cr\u00e9\u00e9 en 2006 qui se consacre aux \u0153uvres de la p\u00e9riode baroque.<\/span><\/div>\n<div>\n<p class=\"vspace\">Ouvert aux musiciens amateurs ou professionnels, et notamment aux jeunes professionnels, l&rsquo;ensemble se recompose pour chacun de ses projets.<\/p>\n<p class=\"vspace\">Pour le projet <em>Flowers of Edinburgh<\/em>, la direction musicale a \u00e9t\u00e9 assur\u00e9e par :<\/p>\n<ul>\n<li><strong>Marcelo Milchberg<\/strong>, fl\u00fbtes<br \/>\nMarcelo est n\u00e9 \u00e0 Buenos Aires, Argentine, o\u00f9 il commence des \u00e9tudes musicales qu\u2019il continue au Venezuela, o\u00f9 il passe son adolescence. Fl\u00fbtiste \u00e0 bec, dipl\u00f4m\u00e9 des Conservatoires de Grenoble et d\u2019Utrecht, Pays-Bas. Il joue au sein de formations tr\u00e8s diverses : La R\u00e9jouissance (musique baroque), La Fol\u00eda Barroca, On rangera plus tard ! (bal folk), Horizons Lointains (musiques du monde), Lachrimae Consort (musiques anciennes), E logo ali (musique br\u00e9silienne), L\u2019Espi\u00e8glerie\u2026Intervenant au Mus\u00e9e de la Cit\u00e9 de la Musique \u00e0 Paris, il aime \u00e9galement partager sa passion dans les bals, les \u00e9coles, les caf\u00e9s, les h\u00f4pitaux et les f\u00eates populaires, avec ses fl\u00fbtes et sa cornemuse. Il a particip\u00e9 \u00e0 plus d\u2019une quarantaine de cr\u00e9ations musicales en tant que compositeur, arrangeur, directeur ou interpr\u00e8te. Avec Marcela Obregon, il anime la compagnie Les Contes du Turpial pour la diffusion de la culture latino-am\u00e9ricaine en France.Son \u0153uvre \u00ab\u00a0Algunos Lugares 1\u00a0\u00bb remporte en d\u00e9cembre 2013 le concours international de composition \u00ab\u00a0ARS is 75\u00a0\u00bb aux Etats-Unis. Il publie d\u2019autres pi\u00e8ces chez Mieroprint (Allemagne) et enregistre de nombreux CD. Il enseigne \u00e9galement la fl\u00fbte \u00e0 bec et l\u2019improvisation au Conservatoire Municipal de Verri\u00e8res-le-Buisson (91).<\/li>\n<\/ul>\n<p>Pour ce programme l&rsquo;ensemble regroupe :<\/p>\n<\/div>\n<\/div>\n<div id=\"contentleft\">\n<div>\n<ul>\n<li><strong>Anne Jacquin,<\/strong> responsable des projets musicaux<br \/>\nSa passion pour le chant depuis son plus jeune age la conduit d&rsquo;abord vers de prestigieux ensembles amateurs, dont Ars Musicae ; Anne \u00e9tudie ensuite le chant lyrique au CRR de Dijon. Elle travaille le style baroque avec Gill Felman, puis, en stage avec V\u00e9ronique Zanetti, et suit des master-class d&rsquo;enseignement. Elle obtient une m\u00e9daille d&rsquo;argent de DPS. (actuel DEM) au CRR, puis, le DE de chant. Elle enseigne au centre polyphonique, au CRR, en musicologie, \u00e0 la Ma\u00eetrise de Dijon, et \u00e0 l&rsquo;EMDAM\u00a0 \u00e0 Semur, o\u00f9 elle dirige le ch\u0153ur d&rsquo;adultes, qui deviendra ch\u0153ur de femmes Amarilli. Elle a chant\u00e9 \u00e0 l&rsquo;op\u00e9ra de Dijon, dans l&rsquo;ensemble \u00ab\u00a0les Dames de Saint Jean\u00a0\u00bb avec Herv\u00e9 Niquet, La chapelle Saint Bernard avec Anne-Marie Vellard, Le songe du Roi, la Ma\u00eetrise de Dijon, L&rsquo;ensemble Balbastre&#8230; Elle est, avec Pierre Carlier,\u00a0 fondatrice de l&rsquo;ensemble \u00ab\u00a0Les Amusemens lyriques\u00a0\u00bb.<\/li>\n<\/ul>\n<ul>\n<li><strong>Camille M\u00e9dard, <\/strong>soprano<br \/>\nCamille, enfant, d\u00e9couvre le chant \u00e0 la ma\u00eetrise de la cath\u00e9drale de Dijon. Elle chante et travaille sa voix avec les Fiori Musicali (anciennes ma\u00eetrisiennes). Elle participe \u00e0 des projets avec la Ma\u00eetrise de Dijon et les Fiori Musicali : offices religieux, messes radiodiffus\u00e9es, concerts (Requiem de Durufl\u00e9, musique baroque, r\u00e9pertoire sacr\u00e9&#8230;), \u00e0 des spectacles \u00e0 l\u2019Op\u00e9ra de Dijon ( L&rsquo;Or du Rhin, L&rsquo;Anneau du Nibelung de Richard Wagner, Wozzeck de Alban Berg et Brice Pauset).<br \/>\nElle \u00e9tudie la fl\u00fbte traversi\u00e8re au conservatoire et le traverso baroque avec Magalie Marie.<br \/>\nElle est actuellement premi\u00e8re ann\u00e9e \u00e0 l&rsquo;\u00c9cole Nationale de Lutherie de Mirecourt o\u00f9 elle \u00e9tudie la lutherie du quatuor sp\u00e9cifiquement.<br \/>\nElle chante avec sa famille et quelques amis depuis 2017 ; ils se r\u00e9unissent par sessions d&rsquo;une semaine pour travailler des pi\u00e8ces baroques et donnent par la suite des concerts dans de petites \u00e9glises de Haute-Marne.<\/li>\n<\/ul>\n<ul>\n<li><strong>Aline Rose<\/strong>, soprano<br \/>\nAline s\u2019est form\u00e9e en chant lyrique aux conservatoires de Dijon et du Grand Chalon, aupr\u00e8s de Sylvaine Bertrand et Laetitia Volcey. Titulaire d\u2019un DEM de chant, elle se perfectionne ensuite aupr\u00e8s de la soprano Ang\u00e9lique Boudeville. On l\u2019a entendu chanter en tant que soliste aux c\u00f4t\u00e9s de l\u2019Ensemble Vocal de Bourgogne (King Arthur, dir. J.-C. Dunand), en duo avec le guitariste Robin Maxime, ou encore au sein des Belles chanteuses (dir. Roger Toulet). Elle fait partie de l\u2019ensemble Enchant\u00e9s (trio vocal et piano) cr\u00e9\u00e9 en 2024. \u00c9galement passionn\u00e9e de musique et danse argentine, elle chante au sein de l\u2019ensemble Volcada et anime des ateliers de tango th\u00e9rapeutique. Elle enseigne le chant \u00e0 la Ma\u00eetrise de Dijon et se forme actuellement aux techniques de musicoth\u00e9rapie.<\/li>\n<li><strong>Genevi\u00e8ve Berger, <\/strong>mezzo\u00a0\u00a0\u00a0\u00a0\u00a0\u00a0\u00a0\u00a0\u00a0\u00a0\u00a0\u00a0\u00a0\u00a0\u00a0\u00a0\u00a0\u00a0\u00a0\u00a0\u00a0\u00a0\u00a0\u00a0\u00a0\u00a0\u00a0\u00a0\u00a0\u00a0\u00a0\u00a0\u00a0\u00a0\u00a0\u00a0\u00a0\u00a0\u00a0\u00a0\u00a0\u00a0\u00a0\u00a0\u00a0\u00a0\u00a0\u00a0\u00a0\u00a0\u00a0\u00a0\u00a0 \u00a0 \u00a0 \u00a0 \u00a0 \u00a0 \u00a0 \u00a0 \u00a0 \u00a0\u00a0 \u00a0\u00a0\u00a0\u00a0\u00a0\u00a0\u00a0\u00a0\u00a0\u00a0\u00a0 Titulaire d\u2019une m\u00e9daille d\u2019or de chant obtenue au CRR de Dijon, d\u2019un premier prix de musique de chambre et d\u2019un premier prix sup\u00e9rieur interr\u00e9gional, elle se perfectionne en musique ancienne avec AM Vellard et R.Muleika et en musique baroque avec H.Niquet.Elle participe \u00e0 des festivals de musique ancienne comme ceux de Faverney, Sarrebourg, semaine des T\u00e9n\u00e8bres au Val de Gr\u00e2ce \u00e0 Paris, et dans des hauts lieux du patrimoine bourguignon.Fonci\u00e8rement \u00e9clectique, elle aborde des r\u00e9pertoires vari\u00e9s allant de John Dowland \u00e0 Rossini et de Sch\u00fctz \u00e0 Durufl\u00e9, sans n\u00e9gliger le contemporain : B\u00e9riot, Tippett, Urbano, F\u00e9ron, Gand, Lesage.Adepte de la musique de chambre, elle se joint \u00e0 des formations vocales diverses : \u00ab les Dames de St-Jean \u00bb, \u00ab Arsys \u00bb, \u00ab le songe du roi \u00bb, duo guitare et voix, duo orgue et voix, trio \u00ab Pastorelli \u00bb, duo \u00ab Ziriab \u00bb, \u2026Elle se produit \u00e9galement comme soliste avec des ensembles r\u00e9gionaux sous la baguette d&rsquo;Etienne Meyer, Aude Patru, Nicolas Andr\u00e9, Christian Garneret, Christian Villeboeuf Manuel Simonet&#8230;<\/li>\n<\/ul>\n<ul>\n<li><strong> Fran\u00e7ois Sidney<\/strong>, t\u00e9nor<br \/>\nSon besoin de pratiquer la musique en groupe l\u2019a amen\u00e9 \u00e0 rejoindre en 1999 le groupe vocal Moza\u00efque, qu\u2019il a lui-m\u00eame codirig\u00e9 jusqu\u2019en 2013. Entretemps, il a particip\u00e9 durant cinq saisons aux activit\u00e9s de l\u2019ensemble Ph\u00e9nocristal. En 2013, il rejoint l\u2019ensemble d\u00e9partemental F\u00e9dachor, puis participe \u00e0 deux projets avec l\u2019ensemble Elles \u00e0 croches. En 2020, il rejoint l\u2019ensemble dijonnais Piccolo Cuore, et Les Amusemens lyriques en 2023.<br \/>\nForm\u00e9 au chant lyrique par Sylvaine Bertrand, \u00e0 la direction de ch\u0153ur par Didier Louis, il a b\u00e9n\u00e9fici\u00e9, au sein de ses diff\u00e9rents ensembles vocaux, de nombreuses formations avec Anne Jacquin, Pascal Baudrillard, Didier Louis, Patrice Patricot (jazz), Da\u00efnouri Choque, Sylvie Berger (musiques traditionnelles), Fran\u00e7oise Labaune, Yves Klein, Reynier Silegas Ramirez (Br\u00e9sil), Roberto Moura (Cuba).<br \/>\nIl a particip\u00e9 \u00e0 plusieurs productions de l\u2019Op\u00e9ra de Dijon, en partenariat avec le Conservatoire de Dijon : Danses polovtsiennes du Prince Igor (Borodine), Requiem (Verdi), La danse des morts (Honegger), 9\u00e8me symphonie (Beethoven), Gloria (Poulenc).<br \/>\nEn 2024, il a particip\u00e9 au Requiem de Michael Haydn avec la chorale Cantalude, et \u00e0 King Arthur avec l&rsquo;Ensemble vocal de Bourgogne.<\/li>\n<li><strong>Isabelle Hermant<\/strong>, violon baroque<br \/>\nElle m\u00e8ne ses \u00e9tudes de violon avec Yvette Arellano (Dijon), Dominique Hoppenot (Paris), G\u00e9rard Montmayeur (Macon), obtient une M\u00e9daille d&rsquo;or en 1986, puis aborde le violon baroque \u00e0 l&rsquo;ENM de Villeurbanne de 1987 \u00e0 1991. Elle travaille ou suit des stages avec Ivry Gitlis, avec le quatuor Orford, avec Hortense Cartier Bresson, et \u00e9galement avec Chiara Banchini, Fr\u00e9d\u00e9ric Martin, Micael Radulescu, Jesper Christensen, Davitt Moroney. Elle joue avec l&rsquo;orchestre de Roger Toulet, le groupe vocal de Roanne, Auguste Augustin(Annecy), l&rsquo;ensemble vocal de Chalon\/Saone, le Groupe Favola, l&rsquo;ensemble Amadriades, Les Festes d Orph\u00e9e, l&rsquo;ensemble Anachronisme, l&rsquo;Orchestre de Montauban, l&rsquo;ensemble Pygmalion, l&rsquo;ensemble Menus Plaisirs, l&rsquo;ensemble Le Labyrinthe, l&rsquo;ensemble Arcane, le Concert de l&rsquo;Hotel Dieu, la Maitrise de Dole, la Chapelle vocale de Lausanne, l&rsquo;Ensemble Baroque de Lorraine. Elle enseigne au Conservatoire de Chenove, (classe de violon). Par ailleurs, elle est membre du groupe Zadruga (musique des Balkans), et joue \u00e9galement du basson.<\/li>\n<\/ul>\n<ul>\n<li><strong>Jean Magnien<\/strong>, chant (basse) et percussions<br \/>\nAu d\u00e9but de ses \u00e9tudes musicales Jean a plong\u00e9 dans deux mondes tr\u00e8s \u00e9loign\u00e9s : la musique vocale et le monde de l&rsquo;orchestre. Un temps, il a travaill\u00e9 comme choriste professionnel dans plusieurs cr\u00e9ations (Radio France, In du Festival d&rsquo;Avignon&#8230;) puis de retour en\u00a0 Bourgogne il s&rsquo;est assagi, cr\u00e9ant la classe de percussion du CRR de Chalon et assurant les parties de percussion \u00e0 l&rsquo;orchestre du Grand Th\u00e9\u00e2tre, devenu plus tard ODB.<br \/>\nEn lui demandant de rejoindre le \u00ab projet \u00c9cosse \u00bb, Anne lui permet de concilier deux modes d&rsquo;expression par lesquels passe naturellement tout b\u00e9b\u00e9 : taper, chanter.<\/li>\n<li><strong>Stephanie Krapoth<\/strong>, clavecin<br \/>\nN\u00e9e \u00e0 G\u00f6ttingen en Allemagne, St\u00e9phanie Krapoth pratique la musique d\u00e8s sa petite enfance. Elle acquiert sa formation musicale sup\u00e9rieure \u00e0 la Musikhochschule de Hannover. Elle obtient une Ma\u00eetrise de musicologie (1991), le Dipl\u00f4me d\u2019\u00c9tat pour les futurs professeurs de lyc\u00e9e (bivalence musique et histoire, 1991) le Dipl\u00f4me B de ma\u00eetres de ch\u0153ur professionnels (orgue et direction de chant choral, 1992) le Dipl\u00f4me d\u2019\u00c9tat pour l\u2019enseignement instrumental (hautbois, 1993).<br \/>\nDepuis 2016, elle se sp\u00e9cialise en musique ancienne au CRR de Besan\u00e7on en basse continue et clavecin, et participe, depuis 2023, \u00e0 la r\u00e9alisation de la basse continue pour plusieurs projets d\u2019orchestre, entre autres sous la direction d\u2019Alain Gervreau, Alice Julien-Laferri\u00e8re et B\u00e9atrice Linon.<\/li>\n<\/ul>\n<ul>\n<li><strong>Jean-Luc Saffroy<\/strong>, haubois et fl\u00fbte \u00e0 bec\n<p lang=\"zxx\" align=\"justify\">Apr\u00e8s des \u00e9tudes de hautbois moderne au concervatoire de Melun, il se tourne vers le hautbois baroque, instrument avec lequel il se produira dans des ensembles comme <i>La Simphonie du Marais<\/i>, l&rsquo;<i>orchestre baroque de Montauban<\/i> ou l&rsquo;<i>orchestre baroque de l&rsquo;Yonne<\/i>.<br \/>\nRevenu sur Dijon, il se perfectionne au cor anglais dans la classe de Bernard QUILOT.<br \/>\nLocalement, il a particip\u00e9 \u00e0 de nombreuses sessions du grand r\u00e9pertoire classique avec l&rsquo;Ensemble Orchestral de Dijon (Ravel, Debussy, Mahler, Dvorak, Mozart&#8230;).<br \/>\nMusicien \u00e9clectique, il a \u00e9galement particip\u00e9 aux productions d&rsquo;op\u00e9rette de <i>La Troupe Lyrique de Bourgogne<\/i> mais s&rsquo;int\u00e9resse \u00e9galement \u00e0 la musique contemporaine en jouant au sein de l&rsquo;<i>Orchestre Oblique<\/i> ou encore \u00e0 l&rsquo;<i>Orchestre D\u00e9partemental d&rsquo;Harmonie<\/i>.\u00b5<br \/>\nR\u00e9cemment, il int\u00e8gre l&rsquo;ensemble baroque <em>Les <\/em><i>Amusemens Lyriques<\/i>, revenant ainsi \u00e0 ses premi\u00e8res amours.Il est le fondateur de l&rsquo;<i>Ensemble Senza Voce<\/i>, qui se produit en C\u00f4te d&rsquo;Or dans des r\u00e9pertoires arrang\u00e9s par ses soins pour quintette \u00e0 vents et piano.<\/p>\n<\/li>\n<\/ul>\n<ul>\n<li>Eva Rivi\u00e8re\u00a0 \u00a0Voloncelle baroque<\/li>\n<li>Catherine Maret Viole de gambe<\/li>\n<li>Laurence Groult Fl\u00fbte \u00e0 bec<\/li>\n<li>Lucien Julien-Laferri\u00e8re<\/li>\n<\/ul>\n<\/div>\n<\/div>\n<div id=\"contentleft\">\n<div>\n<p>&nbsp;<\/p>\n<p class=\"vspace\"><strong>Ils\/elles ont particip\u00e9 aux projets pr\u00e9c\u00e9dents <\/strong>:<\/p>\n<ul>\n<li class=\"vspace\"><strong>Aur\u00e9lie Gon\u00e7alves, <\/strong>fl\u00fbtes \u00e0 bec<\/li>\n<li class=\"vspace\"><strong>Basile Bekri, <\/strong>viole de gambe, violoncelle<\/li>\n<li class=\"vspace\"><strong>Blandine Coffigny<\/strong>, soprano<\/li>\n<li class=\"vspace\"><strong>Cl\u00e9mentine Decouture<\/strong>, soprano<\/li>\n<li class=\"vspace\"><strong>St\u00e9phanie Doubez,\u00a0 s<\/strong>oprano<\/li>\n<li class=\"vspace\"><strong>Pierre Isabellon<\/strong>, viole de gambe<\/li>\n<li class=\"vspace\"><strong>Catherine Lancha<\/strong>, violon baroque<\/li>\n<li class=\"vspace\"><strong>Caroline Leclerc, <\/strong>mezzo-soprano<\/li>\n<li class=\"vspace\"><strong>Magali Marie<\/strong>, traverso baroque<\/li>\n<li class=\"vspace\"><strong>Marie-Pascale P\u00e9rillon <\/strong>, th\u00e9orbe<\/li>\n<li class=\"vspace\"><strong>S\u00e9raphine Porte, <\/strong>mezzo<\/li>\n<li class=\"vspace\"><strong>Audrey Roland<\/strong>, fl\u00fbtes \u00e0 bec<\/li>\n<li class=\"vspace\"><strong>Nicolas Simeha<\/strong>, baryton<\/li>\n<li class=\"vspace\"><strong>G\u00e9raldine Toutain<\/strong>, viole de gambe<\/li>\n<li><strong>Delphine Lain\u00e9<\/strong><strong>, <\/strong>mezzo<\/li>\n<li><strong>Blandine Raupp<\/strong>, mezzo<\/li>\n<li><strong>H\u00e9l\u00e8ne Hadjiyiassemis<\/strong>, violon baroque<\/li>\n<li><strong>Jean-Louis Coch\u00e9<\/strong>, th\u00e9orbe et guitare baroque<\/li>\n<li><strong>Pierre Carlier<\/strong>, clavecin<\/li>\n<li><strong>Marilou Viviez<\/strong>, traverso<\/li>\n<li><strong>Romane Tillard<\/strong>, violoncelle baroque<\/li>\n<\/ul>\n<\/div>\n<div>\n<div class=\"vspace\"><\/div>\n<div><\/div>\n<\/div>\n<\/div>\n<div id=\"r_sidebar\"><\/div>\n","protected":false},"excerpt":{"rendered":"<p>Les Amusemens Lyriques est un ensemble musical cr\u00e9\u00e9 en 2006 qui se consacre aux \u0153uvres de la p\u00e9riode baroque. Ouvert aux musiciens amateurs ou professionnels, et notamment aux jeunes professionnels, l&rsquo;ensemble se recompose pour chacun de ses projets. Pour le projet Flowers of Edinburgh, la direction musicale a \u00e9t\u00e9 assur\u00e9e par : Marcelo Milchberg, fl\u00fbtes &hellip; <a href=\"https:\/\/www.forlane.org\/a\/?page_id=102\" class=\"more-link\">Continuer la lecture de <span class=\"screen-reader-text\">Les musiciens<\/span> <span class=\"meta-nav\">&rarr;<\/span><\/a><\/p>\n","protected":false},"author":2,"featured_media":0,"parent":0,"menu_order":1,"comment_status":"closed","ping_status":"open","template":"","meta":[],"_links":{"self":[{"href":"https:\/\/www.forlane.org\/a\/index.php?rest_route=\/wp\/v2\/pages\/102"}],"collection":[{"href":"https:\/\/www.forlane.org\/a\/index.php?rest_route=\/wp\/v2\/pages"}],"about":[{"href":"https:\/\/www.forlane.org\/a\/index.php?rest_route=\/wp\/v2\/types\/page"}],"author":[{"embeddable":true,"href":"https:\/\/www.forlane.org\/a\/index.php?rest_route=\/wp\/v2\/users\/2"}],"replies":[{"embeddable":true,"href":"https:\/\/www.forlane.org\/a\/index.php?rest_route=%2Fwp%2Fv2%2Fcomments&post=102"}],"version-history":[{"count":41,"href":"https:\/\/www.forlane.org\/a\/index.php?rest_route=\/wp\/v2\/pages\/102\/revisions"}],"predecessor-version":[{"id":477,"href":"https:\/\/www.forlane.org\/a\/index.php?rest_route=\/wp\/v2\/pages\/102\/revisions\/477"}],"wp:attachment":[{"href":"https:\/\/www.forlane.org\/a\/index.php?rest_route=%2Fwp%2Fv2%2Fmedia&parent=102"}],"curies":[{"name":"wp","href":"https:\/\/api.w.org\/{rel}","templated":true}]}}