{"id":149,"date":"2015-04-21T22:11:38","date_gmt":"2015-04-21T20:11:38","guid":{"rendered":"http:\/\/www.forlane.org\/a\/?page_id=149"},"modified":"2021-09-20T11:47:55","modified_gmt":"2021-09-20T09:47:55","slug":"mentions-legales","status":"publish","type":"page","link":"https:\/\/www.forlane.org\/a\/?page_id=149","title":{"rendered":"Mentions l\u00e9gales"},"content":{"rendered":"<p><span style=\"color: #339966;\">Ce site est propri\u00e9t\u00e9 des Amusemens lyriques.<\/span><\/p>\n<p><span style=\"color: #000000;\">Association loi 1901, enregistr\u00e9e le 25\/02\/2006 \u00e0 la pr\u00e9fecture de C\u00f4te d\u2019Or<br \/>\nSIRET\u00a0: 499\u00a0778\u00a0298 00012<br \/>\nSi\u00e8ge : 10 rue du Dr Chaussier 21000 Dijon<\/span><\/p>\n<p><strong>Contacts<\/strong>\u00a0:<br \/>\nAnne Jacquin<br \/>\nt\u00e9l : 06 10 21 45 57<br \/>\nmail : <a href=\"mailto:amusemens.lyriques@gmail.com\" target=\"_blank\" rel=\"noopener noreferrer\">amusemens.lyriques@gmail.com<\/a><\/p>\n<p>Les Amusemens lyriques\u00a0informent les utilisateurs de ce site que de nombreux \u00e9l\u00e9ments de ce site :<\/p>\n<ul>\n<li>sont prot\u00e9g\u00e9s par la l\u00e9gislation sur le droit d\u2019auteur : c&rsquo;est notamment le cas des photographies, des articles, des dessins, des s\u00e9quences anim\u00e9es, des extraits audio et vid\u00e9o\u2026 ;<\/li>\n<li>et\/ou sont prot\u00e9g\u00e9s par la l\u00e9gislation sur les dessins et mod\u00e8les ;<\/li>\n<\/ul>\n<p>Les reproductions, sur un support papier ou informatique, dudit site sont autoris\u00e9es sous r\u00e9serve qu\u2019elles soient strictement r\u00e9serv\u00e9es \u00e0 un usage personnel excluant tout usage \u00e0 des fins publicitaires et\/ou commerciales et\/ou d\u2019information et\/ou qu\u2019elles soient conformes aux dispositions du Code de la Propri\u00e9t\u00e9 Intellectuelle.<\/p>\n<p>Les informations publi\u00e9es sur le site des Amusemens lyriques\u00a0peuvent contenir une erreur typographique, une impr\u00e9cision, un oubli, tous involontaires de notre part. Nous nous en excusons par avance et vous remercions de les signaler.<\/p>\n<p>A l\u2019exception de l\u2019iconographie, la reproduction des pages de ce site sur un support papier est autoris\u00e9e, sous r\u00e9serve du respect des trois conditions suivantes :<\/p>\n<ul>\n<li>gratuit\u00e9 de la diffusion.<\/li>\n<li>respect de l\u2019int\u00e9grit\u00e9 des documents reproduits (aucune modification, ni alt\u00e9ration d\u2019aucune sorte).<\/li>\n<li>citation explicite du site <span style=\"color: #339966;\">http:\/\/www.forlane.org\/<\/span> comme source et mention que les droits de reproduction sont r\u00e9serv\u00e9s et strictement limit\u00e9es.<\/li>\n<\/ul>\n<p><b>Liens hypertextes :\u00a0<\/b><\/p>\n<p>La mise en place d\u2019un lien hypertexte vers le site Internet <span style=\"color: #339966;\">http:\/\/www.forlane.org<\/span>\u00a0\u00a0ne n\u00e9cessite pas d\u2019autorisation pr\u00e9alable et \u00e9crite des Amusemens lyriques. \u00a0N\u00e9anmoins, les Amusemens lyriques\u00a0doivent en \u00eatre inform\u00e9s dans un d\u00e9lai maximum de 30 jours apr\u00e8s la mise en place du lien.<\/p>\n<p>En tout \u00e9tat de cause, les Amusemens lyriques\u00a0ne peuvent\u00a0en aucun cas \u00eatre tenus responsables du contenu ainsi que des produits ou services propos\u00e9s sur les sites auxquels le site Internet <span style=\"color: #339966;\">http:\/\/www.forlane.org\u00a0<\/span>\u00a0se trouverait li\u00e9 par des liens hypertextes ou tout autre type de lien.<\/p>\n<p><strong>Donn\u00e9es personnelles:\u00a0<\/strong><\/p>\n<p>Les Amusemens Lyriques n&rsquo;enregistrent et n&rsquo;exploitent aucune donn\u00e9e personnelle des internautes qui consultent\u00a0 ce site.<\/p>\n","protected":false},"excerpt":{"rendered":"<p>Ce site est propri\u00e9t\u00e9 des Amusemens lyriques. Association loi 1901, enregistr\u00e9e le 25\/02\/2006 \u00e0 la pr\u00e9fecture de C\u00f4te d\u2019Or SIRET\u00a0: 499\u00a0778\u00a0298 00012 Si\u00e8ge : 10 rue du Dr Chaussier 21000 Dijon Contacts\u00a0: Anne Jacquin t\u00e9l : 06 10 21 45 57 mail : amusemens.lyriques@gmail.com Les Amusemens lyriques\u00a0informent les utilisateurs de ce site que de nombreux &hellip; <a href=\"https:\/\/www.forlane.org\/a\/?page_id=149\" class=\"more-link\">Continuer la lecture de <span class=\"screen-reader-text\">Mentions l\u00e9gales<\/span> <span class=\"meta-nav\">&rarr;<\/span><\/a><\/p>\n","protected":false},"author":2,"featured_media":0,"parent":0,"menu_order":20,"comment_status":"closed","ping_status":"open","template":"","meta":[],"_links":{"self":[{"href":"https:\/\/www.forlane.org\/a\/index.php?rest_route=\/wp\/v2\/pages\/149"}],"collection":[{"href":"https:\/\/www.forlane.org\/a\/index.php?rest_route=\/wp\/v2\/pages"}],"about":[{"href":"https:\/\/www.forlane.org\/a\/index.php?rest_route=\/wp\/v2\/types\/page"}],"author":[{"embeddable":true,"href":"https:\/\/www.forlane.org\/a\/index.php?rest_route=\/wp\/v2\/users\/2"}],"replies":[{"embeddable":true,"href":"https:\/\/www.forlane.org\/a\/index.php?rest_route=%2Fwp%2Fv2%2Fcomments&post=149"}],"version-history":[{"count":6,"href":"https:\/\/www.forlane.org\/a\/index.php?rest_route=\/wp\/v2\/pages\/149\/revisions"}],"predecessor-version":[{"id":270,"href":"https:\/\/www.forlane.org\/a\/index.php?rest_route=\/wp\/v2\/pages\/149\/revisions\/270"}],"wp:attachment":[{"href":"https:\/\/www.forlane.org\/a\/index.php?rest_route=%2Fwp%2Fv2%2Fmedia&parent=149"}],"curies":[{"name":"wp","href":"https:\/\/api.w.org\/{rel}","templated":true}]}}