{"id":83,"date":"2015-04-08T22:10:29","date_gmt":"2015-04-08T20:10:29","guid":{"rendered":"http:\/\/www.forlane.org\/a\/?page_id=83"},"modified":"2026-01-24T10:20:28","modified_gmt":"2026-01-24T09:20:28","slug":"audio-video","status":"publish","type":"page","link":"https:\/\/www.forlane.org\/a\/?page_id=83","title":{"rendered":"Vid\u00e9o &#038; Audio"},"content":{"rendered":"<ul>\r\n<li>\u00a0<\/li>\r\n<li>\r\n<p>extrait du programme \u00ab\u00a0Musica del mundo Nuevo 2024<\/p>\r\n<!--[if lt IE 9]><script>document.createElement('audio');<\/script><![endif]-->\n<audio class=\"wp-audio-shortcode\" id=\"audio-83-1\" preload=\"none\" style=\"width: 100%;\" controls=\"controls\"><source type=\"audio\/mpeg\" src=\"https:\/\/www.forlane.org\/a\/wp-content\/uploads\/2025\/01\/08-Ay-fino-esposo.mp3?_=1\" \/><a href=\"https:\/\/www.forlane.org\/a\/wp-content\/uploads\/2025\/01\/08-Ay-fino-esposo.mp3\">https:\/\/www.forlane.org\/a\/wp-content\/uploads\/2025\/01\/08-Ay-fino-esposo.mp3<\/a><\/audio>\r\n<p>Ay, fino esposo\u00a0 <b><span style=\"font-family: serif;\"><span style=\"font-size: large;\"><i>Juan Garc\u00eda de Z\u00e9spedes <\/i><\/span><\/span><span style=\"font-family: serif;\"><span style=\"font-size: medium;\"><i>(1619-1678)<\/i><\/span><\/span><\/b><\/p>\r\n<\/li>\r\n<li>extraits du programme \u00ab\u00a0Musica del nuevo mundo\u00a0\u00bb (2023)<\/li>\r\n<\/ul>\r\n<audio class=\"wp-audio-shortcode\" id=\"audio-83-2\" preload=\"none\" style=\"width: 100%;\" controls=\"controls\"><source type=\"audio\/mpeg\" src=\"https:\/\/www.forlane.org\/a\/wp-content\/uploads\/2023\/05\/MusicaDelNuevoMundo-LaLata.mp3?_=2\" \/><a href=\"https:\/\/www.forlane.org\/a\/wp-content\/uploads\/2023\/05\/MusicaDelNuevoMundo-LaLata.mp3\">https:\/\/www.forlane.org\/a\/wp-content\/uploads\/2023\/05\/MusicaDelNuevoMundo-LaLata.mp3<\/a><\/audio>\r\n<p><em>La Lata\u00a0\u00a0\u00a0 Codex Martinez Companon<\/em><\/p>\r\n<audio class=\"wp-audio-shortcode\" id=\"audio-83-3\" preload=\"none\" style=\"width: 100%;\" controls=\"controls\"><source type=\"audio\/mpeg\" src=\"https:\/\/www.forlane.org\/a\/wp-content\/uploads\/2023\/05\/Tarara.mp3?_=3\" \/><a href=\"https:\/\/www.forlane.org\/a\/wp-content\/uploads\/2023\/05\/Tarara.mp3\">https:\/\/www.forlane.org\/a\/wp-content\/uploads\/2023\/05\/Tarara.mp3<\/a><\/audio>\r\n<p><em>Tarara<\/em><\/p>\r\n<ul>\r\n<li>Extrait du programme \u00ab\u00a0Scherzi musicali\u00a0\u00bb (2009)<br \/><em>Monteverdi \u00ab\u00a0Chiome d&rsquo;oro\u00a0\u00bb : \u00a0<\/em><\/li>\r\n<\/ul>\r\n<audio class=\"wp-audio-shortcode\" id=\"audio-83-4\" preload=\"none\" style=\"width: 100%;\" controls=\"controls\"><source type=\"audio\/mpeg\" src=\"https:\/\/www.forlane.org\/a\/wp-content\/uploads\/2015\/04\/AmusemensLyriques-Monteverdi-Chiome-dOro-Carnot-22mai2009.mp3?_=4\" \/><a href=\"https:\/\/www.forlane.org\/a\/wp-content\/uploads\/2015\/04\/AmusemensLyriques-Monteverdi-Chiome-dOro-Carnot-22mai2009.mp3\">https:\/\/www.forlane.org\/a\/wp-content\/uploads\/2015\/04\/AmusemensLyriques-Monteverdi-Chiome-dOro-Carnot-22mai2009.mp3<\/a><\/audio>\r\n<p>&nbsp;<\/p>\r\n<ul>\r\n<li>Extrait du programme \u00ab\u00a0Musique pour des rois et des reines\u00a0\u00bb (2012)<br \/><em>Purcell : \u00ab\u00a0Cold song\u00a0\u00bb, extrait de King Arthur\u00a0<\/em><\/li>\r\n<\/ul>\r\n<audio class=\"wp-audio-shortcode\" id=\"audio-83-5\" preload=\"none\" style=\"width: 100%;\" controls=\"controls\"><source type=\"audio\/mpeg\" src=\"https:\/\/www.forlane.org\/a\/wp-content\/uploads\/2015\/04\/D07-Cold-song.mp3?_=5\" \/><a href=\"https:\/\/www.forlane.org\/a\/wp-content\/uploads\/2015\/04\/D07-Cold-song.mp3\">https:\/\/www.forlane.org\/a\/wp-content\/uploads\/2015\/04\/D07-Cold-song.mp3<\/a><\/audio>\r\n<p>&nbsp;<\/p>\r\n<p>&nbsp;<\/p>\r\n\r\n<ul>\r\n<li class=\"wp-block-audio\"><audio src=\"https:\/\/www.forlane.org\/a\/wp-content\/uploads\/2021\/10\/O-Panis-Angelum-Nuits-1.mp3\" controls=\"controls\"><\/audio><em>O Panis Angelorum<\/em> de Henri Dumont, extrait du programme Musique au Couvent (2021)<\/li>\r\n<\/ul>\r\n\r\n\r\n\r\n<ul>\r\n<li class=\"wp-block-audio\"><audio src=\"https:\/\/www.forlane.org\/a\/wp-content\/uploads\/2021\/10\/Taedet-de-De-brossard-Nuits.mp3\" controls=\"controls\"><\/audio><em>Taedet Animam<\/em> meam, Le\u00e7on de t\u00e9n\u00e8bre de De Brossard, extrait du programme Musique au Couvent (2021)<\/li>\r\n<\/ul>\r\n\r\n\r\n\r\n<p>&nbsp;<\/p>\r\n\r\n<audio class=\"wp-audio-shortcode\" id=\"audio-83-6\" preload=\"none\" style=\"width: 100%;\" controls=\"controls\"><source type=\"audio\/wav\" src=\"https:\/\/www.forlane.org\/a\/wp-content\/uploads\/2026\/01\/3_Devosge_My-Jo-Janet.wav?_=6\" \/><a href=\"https:\/\/www.forlane.org\/a\/wp-content\/uploads\/2026\/01\/3_Devosge_My-Jo-Janet.wav\">https:\/\/www.forlane.org\/a\/wp-content\/uploads\/2026\/01\/3_Devosge_My-Jo-Janet.wav<\/a><\/audio>\r\n<p>My Jo janet\u00a0 , extrait du programme Flowers of Edinburgh<\/p>","protected":false},"excerpt":{"rendered":"<p>\u00a0 extrait du programme \u00ab\u00a0Musica del mundo Nuevo 2024 Ay, fino esposo\u00a0 Juan Garc\u00eda de Z\u00e9spedes (1619-1678) extraits du programme \u00ab\u00a0Musica del nuevo mundo\u00a0\u00bb (2023) La Lata\u00a0\u00a0\u00a0 Codex Martinez Companon Tarara Extrait du programme \u00ab\u00a0Scherzi musicali\u00a0\u00bb (2009)Monteverdi \u00ab\u00a0Chiome d&rsquo;oro\u00a0\u00bb : \u00a0 &nbsp; Extrait du programme \u00ab\u00a0Musique pour des rois et des reines\u00a0\u00bb (2012)Purcell : \u00ab\u00a0Cold &hellip; <a href=\"https:\/\/www.forlane.org\/a\/?page_id=83\" class=\"more-link\">Continuer la lecture de <span class=\"screen-reader-text\">Vid\u00e9o &#038; Audio<\/span> <span class=\"meta-nav\">&rarr;<\/span><\/a><\/p>\n","protected":false},"author":2,"featured_media":348,"parent":0,"menu_order":4,"comment_status":"closed","ping_status":"open","template":"","meta":[],"_links":{"self":[{"href":"https:\/\/www.forlane.org\/a\/index.php?rest_route=\/wp\/v2\/pages\/83"}],"collection":[{"href":"https:\/\/www.forlane.org\/a\/index.php?rest_route=\/wp\/v2\/pages"}],"about":[{"href":"https:\/\/www.forlane.org\/a\/index.php?rest_route=\/wp\/v2\/types\/page"}],"author":[{"embeddable":true,"href":"https:\/\/www.forlane.org\/a\/index.php?rest_route=\/wp\/v2\/users\/2"}],"replies":[{"embeddable":true,"href":"https:\/\/www.forlane.org\/a\/index.php?rest_route=%2Fwp%2Fv2%2Fcomments&post=83"}],"version-history":[{"count":18,"href":"https:\/\/www.forlane.org\/a\/index.php?rest_route=\/wp\/v2\/pages\/83\/revisions"}],"predecessor-version":[{"id":454,"href":"https:\/\/www.forlane.org\/a\/index.php?rest_route=\/wp\/v2\/pages\/83\/revisions\/454"}],"wp:featuredmedia":[{"embeddable":true,"href":"https:\/\/www.forlane.org\/a\/index.php?rest_route=\/wp\/v2\/media\/348"}],"wp:attachment":[{"href":"https:\/\/www.forlane.org\/a\/index.php?rest_route=%2Fwp%2Fv2%2Fmedia&parent=83"}],"curies":[{"name":"wp","href":"https:\/\/api.w.org\/{rel}","templated":true}]}}