{"id":91,"date":"2015-04-11T23:35:13","date_gmt":"2015-04-11T21:35:13","guid":{"rendered":"http:\/\/www.forlane.org\/a\/?page_id=91"},"modified":"2021-10-20T08:52:28","modified_gmt":"2021-10-20T06:52:28","slug":"photos","status":"publish","type":"page","link":"https:\/\/www.forlane.org\/a\/?page_id=91","title":{"rendered":"Photos"},"content":{"rendered":"<p>En mai 2014, \u00e0 Dijon au cellier de Clairvaux : <span style=\"color: #339966;\">\u00ab\u00a0embarquement pour Cyth\u00e8re\u00a0\u00bb<\/span><\/p>\n<div id='gallery-1' class='gallery galleryid-91 gallery-columns-2 gallery-size-medium'><figure class='gallery-item'>\n\t\t\t<div class='gallery-icon landscape'>\n\t\t\t\t<a href='https:\/\/www.forlane.org\/a\/?attachment_id=92'><img width=\"300\" height=\"200\" src=\"https:\/\/www.forlane.org\/a\/wp-content\/uploads\/2015\/04\/53--300x200.jpg\" class=\"attachment-medium size-medium\" alt=\"\" loading=\"lazy\" srcset=\"https:\/\/www.forlane.org\/a\/wp-content\/uploads\/2015\/04\/53--300x200.jpg 300w, https:\/\/www.forlane.org\/a\/wp-content\/uploads\/2015\/04\/53--800x533.jpg 800w, https:\/\/www.forlane.org\/a\/wp-content\/uploads\/2015\/04\/53--e1428787961560.jpg 1000w\" sizes=\"(max-width: 300px) 100vw, 300px\" \/><\/a>\n\t\t\t<\/div><\/figure><figure class='gallery-item'>\n\t\t\t<div class='gallery-icon landscape'>\n\t\t\t\t<a href='https:\/\/www.forlane.org\/a\/?attachment_id=105'><img width=\"300\" height=\"200\" src=\"https:\/\/www.forlane.org\/a\/wp-content\/uploads\/2015\/04\/22--300x200.jpg\" class=\"attachment-medium size-medium\" alt=\"\" loading=\"lazy\" srcset=\"https:\/\/www.forlane.org\/a\/wp-content\/uploads\/2015\/04\/22--300x200.jpg 300w, https:\/\/www.forlane.org\/a\/wp-content\/uploads\/2015\/04\/22--800x533.jpg 800w\" sizes=\"(max-width: 300px) 100vw, 300px\" \/><\/a>\n\t\t\t<\/div><\/figure><figure class='gallery-item'>\n\t\t\t<div class='gallery-icon landscape'>\n\t\t\t\t<a href='https:\/\/www.forlane.org\/a\/?attachment_id=106'><img width=\"300\" height=\"200\" src=\"https:\/\/www.forlane.org\/a\/wp-content\/uploads\/2015\/04\/24--300x200.jpg\" class=\"attachment-medium size-medium\" alt=\"\" loading=\"lazy\" srcset=\"https:\/\/www.forlane.org\/a\/wp-content\/uploads\/2015\/04\/24--300x200.jpg 300w, https:\/\/www.forlane.org\/a\/wp-content\/uploads\/2015\/04\/24--800x533.jpg 800w\" sizes=\"(max-width: 300px) 100vw, 300px\" \/><\/a>\n\t\t\t<\/div><\/figure><figure class='gallery-item'>\n\t\t\t<div class='gallery-icon landscape'>\n\t\t\t\t<a href='https:\/\/www.forlane.org\/a\/?attachment_id=107'><img width=\"300\" height=\"200\" src=\"https:\/\/www.forlane.org\/a\/wp-content\/uploads\/2015\/04\/41--300x200.jpg\" class=\"attachment-medium size-medium\" alt=\"\" loading=\"lazy\" srcset=\"https:\/\/www.forlane.org\/a\/wp-content\/uploads\/2015\/04\/41--300x200.jpg 300w, https:\/\/www.forlane.org\/a\/wp-content\/uploads\/2015\/04\/41--800x533.jpg 800w\" sizes=\"(max-width: 300px) 100vw, 300px\" \/><\/a>\n\t\t\t<\/div><\/figure><figure class='gallery-item'>\n\t\t\t<div class='gallery-icon landscape'>\n\t\t\t\t<a href='https:\/\/www.forlane.org\/a\/?attachment_id=108'><img width=\"300\" height=\"200\" src=\"https:\/\/www.forlane.org\/a\/wp-content\/uploads\/2015\/04\/44--300x200.jpg\" class=\"attachment-medium size-medium\" alt=\"\" loading=\"lazy\" srcset=\"https:\/\/www.forlane.org\/a\/wp-content\/uploads\/2015\/04\/44--300x200.jpg 300w, https:\/\/www.forlane.org\/a\/wp-content\/uploads\/2015\/04\/44--800x533.jpg 800w\" sizes=\"(max-width: 300px) 100vw, 300px\" \/><\/a>\n\t\t\t<\/div><\/figure><figure class='gallery-item'>\n\t\t\t<div class='gallery-icon landscape'>\n\t\t\t\t<a href='https:\/\/www.forlane.org\/a\/?attachment_id=109'><img width=\"300\" height=\"200\" src=\"https:\/\/www.forlane.org\/a\/wp-content\/uploads\/2015\/04\/25--300x200.jpg\" class=\"attachment-medium size-medium\" alt=\"\" loading=\"lazy\" srcset=\"https:\/\/www.forlane.org\/a\/wp-content\/uploads\/2015\/04\/25--300x200.jpg 300w, https:\/\/www.forlane.org\/a\/wp-content\/uploads\/2015\/04\/25--800x533.jpg 800w\" sizes=\"(max-width: 300px) 100vw, 300px\" \/><\/a>\n\t\t\t<\/div><\/figure><figure class='gallery-item'>\n\t\t\t<div class='gallery-icon landscape'>\n\t\t\t\t<a href='https:\/\/www.forlane.org\/a\/?attachment_id=110'><img width=\"300\" height=\"200\" src=\"https:\/\/www.forlane.org\/a\/wp-content\/uploads\/2015\/04\/34--300x200.jpg\" class=\"attachment-medium size-medium\" alt=\"\" loading=\"lazy\" srcset=\"https:\/\/www.forlane.org\/a\/wp-content\/uploads\/2015\/04\/34--300x200.jpg 300w, https:\/\/www.forlane.org\/a\/wp-content\/uploads\/2015\/04\/34--800x533.jpg 800w\" sizes=\"(max-width: 300px) 100vw, 300px\" \/><\/a>\n\t\t\t<\/div><\/figure><figure class='gallery-item'>\n\t\t\t<div class='gallery-icon landscape'>\n\t\t\t\t<a href='https:\/\/www.forlane.org\/a\/?attachment_id=112'><img width=\"300\" height=\"200\" src=\"https:\/\/www.forlane.org\/a\/wp-content\/uploads\/2015\/04\/41-1-300x200.jpg\" class=\"attachment-medium size-medium\" alt=\"\" loading=\"lazy\" srcset=\"https:\/\/www.forlane.org\/a\/wp-content\/uploads\/2015\/04\/41-1-300x200.jpg 300w, https:\/\/www.forlane.org\/a\/wp-content\/uploads\/2015\/04\/41-1-800x533.jpg 800w\" sizes=\"(max-width: 300px) 100vw, 300px\" \/><\/a>\n\t\t\t<\/div><\/figure><figure class='gallery-item'>\n\t\t\t<div class='gallery-icon landscape'>\n\t\t\t\t<a href='https:\/\/www.forlane.org\/a\/?attachment_id=113'><img width=\"300\" height=\"200\" src=\"https:\/\/www.forlane.org\/a\/wp-content\/uploads\/2015\/04\/44-1-300x200.jpg\" class=\"attachment-medium size-medium\" alt=\"\" loading=\"lazy\" srcset=\"https:\/\/www.forlane.org\/a\/wp-content\/uploads\/2015\/04\/44-1-300x200.jpg 300w, https:\/\/www.forlane.org\/a\/wp-content\/uploads\/2015\/04\/44-1-e1428957276527.jpg 800w\" sizes=\"(max-width: 300px) 100vw, 300px\" \/><\/a>\n\t\t\t<\/div><\/figure><figure class='gallery-item'>\n\t\t\t<div class='gallery-icon landscape'>\n\t\t\t\t<a href='https:\/\/www.forlane.org\/a\/?attachment_id=114'><img width=\"300\" height=\"200\" src=\"https:\/\/www.forlane.org\/a\/wp-content\/uploads\/2015\/04\/49--300x200.jpg\" class=\"attachment-medium size-medium\" alt=\"\" loading=\"lazy\" srcset=\"https:\/\/www.forlane.org\/a\/wp-content\/uploads\/2015\/04\/49--300x200.jpg 300w, https:\/\/www.forlane.org\/a\/wp-content\/uploads\/2015\/04\/49--800x533.jpg 800w, https:\/\/www.forlane.org\/a\/wp-content\/uploads\/2015\/04\/49--e1428957164150.jpg 700w\" sizes=\"(max-width: 300px) 100vw, 300px\" \/><\/a>\n\t\t\t<\/div><\/figure>\n\t\t<\/div>\n\n<p>Autres albums :<\/p>\n<ul>\n<li><a href=\"https:\/\/www.forlane.org\/albums\/alledanze1\/\">Alle Danze &#8211; R\u00e9p\u00e9tition &#8211; Avril 2010<\/a><\/li>\n<li><a href=\"https:\/\/www.forlane.org\/albums\/alledanze2\/\">Alle Danze &#8211; Lyc\u00e9e Carnot, Dijon &#8211; 2010<\/a><\/li>\n<li><a href=\"https:\/\/www.forlane.org\/albums\/EnferParadisH\/\" target=\"_blank\" rel=\"noopener noreferrer\">Enfer et Paradis &#8211; Cellier de Clairvaux, Dijon &#8211; 2016<\/a><\/li>\n<\/ul>\n<figure style=\"width: 450px\" class=\"wp-caption aligncenter\"><a href=\"https:\/\/www.forlane.org\/albums\/EnferParadisH\/\"><img loading=\"lazy\" class=\"\" src=\"https:\/\/www.forlane.org\/albums\/EnferParadisH\/content\/images\/large\/P1050670.jpg\" alt=\"\" width=\"450\" height=\"450\" \/><\/a><figcaption class=\"wp-caption-text\"><a href=\"https:\/\/www.forlane.org\/albums\/EnferParadisH\/\">Enfer et Paradis &#8211; Cellier de Clairvaux, Dijon, 2016<\/a><\/figcaption><\/figure>\n\n\n<ul class=\"wp-block-gallery columns-0 is-cropped\"><\/ul>\n","protected":false},"excerpt":{"rendered":"<p>En mai 2014, \u00e0 Dijon au cellier de Clairvaux : \u00ab\u00a0embarquement pour Cyth\u00e8re\u00a0\u00bb Autres albums : Alle Danze &#8211; R\u00e9p\u00e9tition &#8211; Avril 2010 Alle Danze &#8211; Lyc\u00e9e Carnot, Dijon &#8211; 2010 Enfer et Paradis &#8211; Cellier de Clairvaux, Dijon &#8211; 2016<\/p>\n","protected":false},"author":2,"featured_media":92,"parent":0,"menu_order":6,"comment_status":"closed","ping_status":"open","template":"","meta":[],"_links":{"self":[{"href":"https:\/\/www.forlane.org\/a\/index.php?rest_route=\/wp\/v2\/pages\/91"}],"collection":[{"href":"https:\/\/www.forlane.org\/a\/index.php?rest_route=\/wp\/v2\/pages"}],"about":[{"href":"https:\/\/www.forlane.org\/a\/index.php?rest_route=\/wp\/v2\/types\/page"}],"author":[{"embeddable":true,"href":"https:\/\/www.forlane.org\/a\/index.php?rest_route=\/wp\/v2\/users\/2"}],"replies":[{"embeddable":true,"href":"https:\/\/www.forlane.org\/a\/index.php?rest_route=%2Fwp%2Fv2%2Fcomments&post=91"}],"version-history":[{"count":9,"href":"https:\/\/www.forlane.org\/a\/index.php?rest_route=\/wp\/v2\/pages\/91\/revisions"}],"predecessor-version":[{"id":446,"href":"https:\/\/www.forlane.org\/a\/index.php?rest_route=\/wp\/v2\/pages\/91\/revisions\/446"}],"wp:featuredmedia":[{"embeddable":true,"href":"https:\/\/www.forlane.org\/a\/index.php?rest_route=\/wp\/v2\/media\/92"}],"wp:attachment":[{"href":"https:\/\/www.forlane.org\/a\/index.php?rest_route=%2Fwp%2Fv2%2Fmedia&parent=91"}],"curies":[{"name":"wp","href":"https:\/\/api.w.org\/{rel}","templated":true}]}}